{"id":91,"date":"2024-11-07T12:15:11","date_gmt":"2024-11-07T11:15:11","guid":{"rendered":"http:\/\/fljudnc.cluster029.hosting.ovh.net\/?post_type=product&#038;p=91"},"modified":"2026-03-12T09:59:16","modified_gmt":"2026-03-12T08:59:16","slug":"thermostat-tactile-connecte","status":"publish","type":"product","link":"https:\/\/myluxeo.fr\/index.php\/produit\/thermostat-tactile-connecte\/","title":{"rendered":"Thermostat tactile connect\u00e9"},"content":{"rendered":"<p data-spm-anchor-id=\"a2g0o.detail.1000023.i2.7d4e22b4jbRJh3\"><strong>Description<\/strong><\/p>\n<p data-spm-anchor-id=\"a2g0o.detail.1000023.i2.7d4e22b4jbRJh3\">Ce thermostat est un nouveau mod\u00e8le de conception avec de plus belles perspectives.<br \/>\nIl dispose d\u2019un grand \u00e9cran tactile noir, d\u2019un programme hebdomadaire et de fonctions de verrouillage pour enfants. Il peut \u00eatre contr\u00f4l\u00e9 par t\u00e9l\u00e9phone, aussi bien pour<strong> IOS<\/strong> que pour le syst\u00e8me <strong>Android<\/strong> ainsi qu&rsquo;avec<strong> Alexa et google Home.<\/strong><br \/>\nIl est appliqu\u00e9 au contr\u00f4le de la temp\u00e9rature de votre s\u00e8che-serviette Myluxeo.<\/p>\n<p><img fetchpriority=\"high\" decoding=\"async\" src=\"https:\/\/myluxeo.fr\/wp-content\/uploads\/2021\/11\/thermotat-myluxeo.jpg\" sizes=\"(max-width: 1000px) 100vw, 1000px\" srcset=\"https:\/\/myluxeo.fr\/wp-content\/uploads\/2021\/11\/thermotat-myluxeo.jpg 1000w, https:\/\/myluxeo.fr\/wp-content\/uploads\/2021\/11\/thermotat-myluxeo-300x300.jpg 300w, https:\/\/myluxeo.fr\/wp-content\/uploads\/2021\/11\/thermotat-myluxeo-150x150.jpg 150w, https:\/\/myluxeo.fr\/wp-content\/uploads\/2021\/11\/thermotat-myluxeo-768x768.jpg 768w, https:\/\/myluxeo.fr\/wp-content\/uploads\/2021\/11\/thermotat-myluxeo-600x600.jpg 600w, https:\/\/myluxeo.fr\/wp-content\/uploads\/2021\/11\/thermotat-myluxeo-100x100.jpg 100w\" alt=\"\" width=\"1000\" height=\"1000\" \/><\/p>\n<h4>Thermostat connect\u00e9<\/h4>\n<p>Vous pouvez ajuster la temp\u00e9rature \u00e0 tout moment et en tout lieu sur notre thermostat connect\u00e9.<br \/>\nCompatible:<strong> Wifi, tuya, Alexa et Google Home.<\/strong><\/p>\n<p><img decoding=\"async\" src=\"https:\/\/myluxeo.fr\/wp-content\/uploads\/2021\/11\/thermostat-myluxeo2-2.jpg\" sizes=\"(max-width: 300px) 100vw, 300px\" srcset=\"https:\/\/myluxeo.fr\/wp-content\/uploads\/2021\/11\/thermostat-myluxeo2-2.jpg 300w, https:\/\/myluxeo.fr\/wp-content\/uploads\/2021\/11\/thermostat-myluxeo2-2-150x150.jpg 150w, https:\/\/myluxeo.fr\/wp-content\/uploads\/2021\/11\/thermostat-myluxeo2-2-100x100.jpg 100w\" alt=\"\" width=\"300\" height=\"300\" \/><\/p>\n<h4>Verrouillage enfant<\/h4>\n<p>\u00c9viter le mauvais fonctionnement de notre enfant et perturber le programme que nous avons programm\u00e9.<\/p>\n<p><img decoding=\"async\" src=\"https:\/\/myluxeo.fr\/wp-content\/uploads\/2021\/11\/thermostat-myluxeo2-1.jpg\" sizes=\"(max-width: 300px) 100vw, 300px\" srcset=\"https:\/\/myluxeo.fr\/wp-content\/uploads\/2021\/11\/thermostat-myluxeo2-1.jpg 300w, https:\/\/myluxeo.fr\/wp-content\/uploads\/2021\/11\/thermostat-myluxeo2-1-150x150.jpg 150w, https:\/\/myluxeo.fr\/wp-content\/uploads\/2021\/11\/thermostat-myluxeo2-1-100x100.jpg 100w\" alt=\"\" width=\"300\" height=\"300\" \/><\/p>\n<h4>Programmable<\/h4>\n<p>Le thermostat prend en charge 3 modes de programmation: 5 + 2\/6 + 1\/7, nous pouvons donc d\u00e9finir une temp\u00e9rature diff\u00e9rente.<\/p>\n<p><img loading=\"lazy\" decoding=\"async\" src=\"https:\/\/myluxeo.fr\/wp-content\/uploads\/2021\/11\/1-.jpg\" sizes=\"(max-width: 1000px) 100vw, 1000px\" srcset=\"https:\/\/myluxeo.fr\/wp-content\/uploads\/2021\/11\/1-.jpg 1000w, https:\/\/myluxeo.fr\/wp-content\/uploads\/2021\/11\/1--300x262.jpg 300w, https:\/\/myluxeo.fr\/wp-content\/uploads\/2021\/11\/1--768x670.jpg 768w, https:\/\/myluxeo.fr\/wp-content\/uploads\/2021\/11\/1--600x523.jpg 600w\" alt=\"\" width=\"1000\" height=\"872\" \/><br \/>\n<img loading=\"lazy\" decoding=\"async\" src=\"https:\/\/myluxeo.fr\/wp-content\/uploads\/2021\/11\/2.jpg\" sizes=\"(max-width: 1000px) 100vw, 1000px\" srcset=\"https:\/\/myluxeo.fr\/wp-content\/uploads\/2021\/11\/2.jpg 1000w, https:\/\/myluxeo.fr\/wp-content\/uploads\/2021\/11\/2-300x150.jpg 300w, https:\/\/myluxeo.fr\/wp-content\/uploads\/2021\/11\/2-768x385.jpg 768w, https:\/\/myluxeo.fr\/wp-content\/uploads\/2021\/11\/2-600x301.jpg 600w\" alt=\"\" width=\"1000\" height=\"501\" \/><br \/>\n<img loading=\"lazy\" decoding=\"async\" src=\"https:\/\/myluxeo.fr\/wp-content\/uploads\/2021\/11\/3.jpg\" sizes=\"(max-width: 1000px) 100vw, 1000px\" srcset=\"https:\/\/myluxeo.fr\/wp-content\/uploads\/2021\/11\/3.jpg 1000w, https:\/\/myluxeo.fr\/wp-content\/uploads\/2021\/11\/3-300x185.jpg 300w, https:\/\/myluxeo.fr\/wp-content\/uploads\/2021\/11\/3-768x474.jpg 768w, https:\/\/myluxeo.fr\/wp-content\/uploads\/2021\/11\/3-600x370.jpg 600w\" alt=\"\" width=\"1000\" height=\"617\" \/><br \/>\n<img loading=\"lazy\" decoding=\"async\" src=\"https:\/\/myluxeo.fr\/wp-content\/uploads\/2021\/11\/blanc-detail.jpg\" sizes=\"(max-width: 800px) 100vw, 800px\" srcset=\"https:\/\/myluxeo.fr\/wp-content\/uploads\/2021\/11\/blanc-detail.jpg 800w, https:\/\/myluxeo.fr\/wp-content\/uploads\/2021\/11\/blanc-detail-300x300.jpg 300w, https:\/\/myluxeo.fr\/wp-content\/uploads\/2021\/11\/blanc-detail-150x150.jpg 150w, https:\/\/myluxeo.fr\/wp-content\/uploads\/2021\/11\/blanc-detail-768x768.jpg 768w, https:\/\/myluxeo.fr\/wp-content\/uploads\/2021\/11\/blanc-detail-600x600.jpg 600w, https:\/\/myluxeo.fr\/wp-content\/uploads\/2021\/11\/blanc-detail-100x100.jpg 100w\" alt=\"\" width=\"800\" height=\"800\" \/><br \/>\n<img loading=\"lazy\" decoding=\"async\" src=\"https:\/\/myluxeo.fr\/wp-content\/uploads\/2021\/11\/noir-blanc.jpg\" sizes=\"(max-width: 469px) 100vw, 469px\" srcset=\"https:\/\/myluxeo.fr\/wp-content\/uploads\/2021\/11\/noir-blanc.jpg 469w, https:\/\/myluxeo.fr\/wp-content\/uploads\/2021\/11\/noir-blanc-239x300.jpg 239w\" alt=\"\" width=\"469\" height=\"589\" \/><\/p>\n<p><strong>Thermostat WiFi programmable<\/strong><br \/>\nCe thermostat intelligent WiFi a une conception enti\u00e8rement programmable et automatique. Pour s\u2019assurer qu\u2019il r\u00e9pond pleinement \u00e0 vos besoins de chauffage, il prend en charge les modes de fonctionnement 5 + 2, 6 + 1 et 7 jours. De plus, vous serez trait\u00e9 en 6 \u00e9tapes de planification quotidiennes, pour assurer une exp\u00e9rience utilisateur confortable.<\/p>\n<p><strong>Support d\u2019application<br \/>\n<\/strong>Gr\u00e2ce \u00e0 la prise en charge de l\u2019application, vous pouvez facilement contr\u00f4ler la temp\u00e9rature de la pi\u00e8ce \u00e0 l\u2019aide d\u2019un t\u00e9l\u00e9phone, avec un thermostat WiFi. D\u00e9sormais, o\u00f9 que vous soyez, vous pouvez chauffer la pi\u00e8ce. Ne rentrez plus jamais chez vous dans une salle de bain froide. Avec ce thermostat programmable, vous pouvez toujours profiter de la temp\u00e9rature ambiante parfaite.<\/p>\n<p><strong><strong>\u00c9conomie d\u2019\u00e9nergie<br \/>\n<\/strong><\/strong>Utilisez le mode programmable de notre thermostat WiFi connect\u00e9 pour optimiser pleinement votre plan de chauffage domestique. En d\u00e9finissant<br \/>\nvotre programme de chauffage hebdomadaire, vous pouvez vous assurer que vous ne gaspillerez pas d\u2019argent en chauffage inutile.<\/p>\n","protected":false},"excerpt":{"rendered":"<p>Ce thermostat est un nouveau mod\u00e8le de conception avec de plus belles perspectives.<br \/>\nIl dispose d\u2019un grand \u00e9cran tactile noir, d\u2019un programme hebdomadaire et de fonctions de verrouillage pour enfants. Il peut \u00eatre contr\u00f4l\u00e9 par t\u00e9l\u00e9phone, aussi bien pour<strong> IOS<\/strong> que pour le syst\u00e8me <strong>Android<\/strong> ainsi qu&rsquo;avec<strong> Alexa et google Home.<br \/>\n<\/strong><\/p>\n<div id=\"presContent\" class=\"fpBlk testSep extCode\" data-provider=\"None\">\n<div id=\"wppc\">\n<p><strong>Contenu de la livraison:<\/strong><br \/>\n1 * thermostat r\u00e9tro\u00e9clair\u00e9. C\u00e2ble de capteur 1 * 3 m.<br \/>\n2 * vis de montage.<br \/>\n1 * manuel d\u2019utilisation en anglais.<\/p>\n<\/div>\n<\/div>\n<div id=\"desc\" class=\"anchor\"><\/div>\n","protected":false},"featured_media":5916,"comment_status":"open","ping_status":"closed","template":"","meta":[],"product_brand":[],"product_cat":[19],"product_tag":[],"class_list":{"0":"post-91","1":"product","2":"type-product","3":"status-publish","4":"has-post-thumbnail","6":"product_cat-nos-thermostats","8":"first","9":"instock","10":"taxable","11":"shipping-taxable","12":"purchasable","13":"product-type-variable","14":"has-default-attributes"},"_links":{"self":[{"href":"https:\/\/myluxeo.fr\/index.php\/wp-json\/wp\/v2\/product\/91","targetHints":{"allow":["GET"]}}],"collection":[{"href":"https:\/\/myluxeo.fr\/index.php\/wp-json\/wp\/v2\/product"}],"about":[{"href":"https:\/\/myluxeo.fr\/index.php\/wp-json\/wp\/v2\/types\/product"}],"replies":[{"embeddable":true,"href":"https:\/\/myluxeo.fr\/index.php\/wp-json\/wp\/v2\/comments?post=91"}],"version-history":[{"count":1,"href":"https:\/\/myluxeo.fr\/index.php\/wp-json\/wp\/v2\/product\/91\/revisions"}],"predecessor-version":[{"id":5918,"href":"https:\/\/myluxeo.fr\/index.php\/wp-json\/wp\/v2\/product\/91\/revisions\/5918"}],"wp:featuredmedia":[{"embeddable":true,"href":"https:\/\/myluxeo.fr\/index.php\/wp-json\/wp\/v2\/media\/5916"}],"wp:attachment":[{"href":"https:\/\/myluxeo.fr\/index.php\/wp-json\/wp\/v2\/media?parent=91"}],"wp:term":[{"taxonomy":"product_brand","embeddable":true,"href":"https:\/\/myluxeo.fr\/index.php\/wp-json\/wp\/v2\/product_brand?post=91"},{"taxonomy":"product_cat","embeddable":true,"href":"https:\/\/myluxeo.fr\/index.php\/wp-json\/wp\/v2\/product_cat?post=91"},{"taxonomy":"product_tag","embeddable":true,"href":"https:\/\/myluxeo.fr\/index.php\/wp-json\/wp\/v2\/product_tag?post=91"}],"curies":[{"name":"wp","href":"https:\/\/api.w.org\/{rel}","templated":true}]}}