{"id":201,"date":"2024-11-07T12:16:06","date_gmt":"2024-11-07T11:16:06","guid":{"rendered":"http:\/\/fljudnc.cluster029.hosting.ovh.net\/?post_type=product&#038;p=201"},"modified":"2024-11-07T12:16:18","modified_gmt":"2024-11-07T11:16:18","slug":"barres-chic-epure-or","status":"publish","type":"product","link":"https:\/\/myluxeo.fr\/produit\/barres-chic-epure-or\/","title":{"rendered":"Barres chic \u00e9pur\u00e9 or"},"content":{"rendered":"<p>Personnalis\u00e9 votre s\u00e8che-serviettes selon vos envies.<br \/>\nUn design \u00e9pur\u00e9 avec un aspect audacieux en finition chrome bross\u00e9. La s\u00e9rie luxeo propose des moyens pratiques pour organiser l&rsquo;espace et donner de l&rsquo;allure \u00e0 votre salle de bain.<\/p>\n","protected":false},"excerpt":{"rendered":"<p>Personnalis\u00e9 votre s\u00e8che-serviettes selon vos envies.<br \/>\nUn design \u00e9pur\u00e9 avec un aspect audacieux en finition chrome bross\u00e9. La s\u00e9rie luxeo propose des moyens pratiques pour organiser l&rsquo;espace et donner de l&rsquo;allure \u00e0 votre salle de bain.<\/p>\n","protected":false},"featured_media":213,"comment_status":"open","ping_status":"closed","template":"","meta":[],"product_brand":[],"product_cat":[18],"product_tag":[],"class_list":{"0":"post-201","1":"product","2":"type-product","3":"status-publish","4":"has-post-thumbnail","6":"product_cat-nos-barres","8":"first","9":"instock","10":"taxable","11":"shipping-taxable","12":"purchasable","13":"product-type-variable"},"_links":{"self":[{"href":"https:\/\/myluxeo.fr\/wp-json\/wp\/v2\/product\/201","targetHints":{"allow":["GET"]}}],"collection":[{"href":"https:\/\/myluxeo.fr\/wp-json\/wp\/v2\/product"}],"about":[{"href":"https:\/\/myluxeo.fr\/wp-json\/wp\/v2\/types\/product"}],"replies":[{"embeddable":true,"href":"https:\/\/myluxeo.fr\/wp-json\/wp\/v2\/comments?post=201"}],"version-history":[{"count":0,"href":"https:\/\/myluxeo.fr\/wp-json\/wp\/v2\/product\/201\/revisions"}],"wp:featuredmedia":[{"embeddable":true,"href":"https:\/\/myluxeo.fr\/wp-json\/wp\/v2\/media\/213"}],"wp:attachment":[{"href":"https:\/\/myluxeo.fr\/wp-json\/wp\/v2\/media?parent=201"}],"wp:term":[{"taxonomy":"product_brand","embeddable":true,"href":"https:\/\/myluxeo.fr\/wp-json\/wp\/v2\/product_brand?post=201"},{"taxonomy":"product_cat","embeddable":true,"href":"https:\/\/myluxeo.fr\/wp-json\/wp\/v2\/product_cat?post=201"},{"taxonomy":"product_tag","embeddable":true,"href":"https:\/\/myluxeo.fr\/wp-json\/wp\/v2\/product_tag?post=201"}],"curies":[{"name":"wp","href":"https:\/\/api.w.org\/{rel}","templated":true}]}}